{"id":761,"date":"2018-08-30T15:24:14","date_gmt":"2018-08-30T18:24:14","guid":{"rendered":"https:\/\/sarmiento-cba.infd.edu.ar\/sitio\/autoridades\/"},"modified":"2024-08-21T09:26:44","modified_gmt":"2024-08-21T12:26:44","slug":"autoridades","status":"publish","type":"page","link":"https:\/\/sarmiento-cba.infd.edu.ar\/sitio\/autoridades\/","title":{"rendered":"Autoridades"},"content":{"rendered":"<p><strong>Representante Legal<\/strong><br \/>\nMar\u00eda Teresa Dom\u00ednguez<br \/>\n<strong>Directora Nivel Inicial<\/strong><br \/>\nFernanda Bourdich\u00f3n<br \/>\n<strong>Directora Nivel Primario<\/strong><br \/>\nLuc\u00eda Abenda\u00f1o<br \/>\n<strong>Directora Nivel Secundario<\/strong><br \/>\nEvangelina Nu\u00f1ez<br \/>\n<strong>Director Nivel Superior<\/strong><br \/>\nLuis Miguel Nu\u00f1ez<\/p>\n","protected":false},"excerpt":{"rendered":"<p>Representante Legal Mar\u00eda Teresa Dom\u00ednguez Directora Nivel Inicial Fernanda Bourdich\u00f3n Directora Nivel Primario Luc\u00eda Abenda\u00f1o Directora Nivel Secundario Evangelina Nu\u00f1ez Director Nivel Superior Luis Miguel Nu\u00f1ez<\/p>\n","protected":false},"author":1331,"featured_media":0,"parent":0,"menu_order":0,"comment_status":"closed","ping_status":"closed","template":"","meta":[],"acf":[],"_links":{"self":[{"href":"https:\/\/sarmiento-cba.infd.edu.ar\/sitio\/wp-json\/wp\/v2\/pages\/761"}],"collection":[{"href":"https:\/\/sarmiento-cba.infd.edu.ar\/sitio\/wp-json\/wp\/v2\/pages"}],"about":[{"href":"https:\/\/sarmiento-cba.infd.edu.ar\/sitio\/wp-json\/wp\/v2\/types\/page"}],"author":[{"embeddable":true,"href":"https:\/\/sarmiento-cba.infd.edu.ar\/sitio\/wp-json\/wp\/v2\/users\/1331"}],"replies":[{"embeddable":true,"href":"https:\/\/sarmiento-cba.infd.edu.ar\/sitio\/wp-json\/wp\/v2\/comments?post=761"}],"version-history":[{"count":5,"href":"https:\/\/sarmiento-cba.infd.edu.ar\/sitio\/wp-json\/wp\/v2\/pages\/761\/revisions"}],"predecessor-version":[{"id":1003,"href":"https:\/\/sarmiento-cba.infd.edu.ar\/sitio\/wp-json\/wp\/v2\/pages\/761\/revisions\/1003"}],"wp:attachment":[{"href":"https:\/\/sarmiento-cba.infd.edu.ar\/sitio\/wp-json\/wp\/v2\/media?parent=761"}],"curies":[{"name":"wp","href":"https:\/\/api.w.org\/{rel}","templated":true}]}}